{"id":5,"date":"2021-01-20T09:35:01","date_gmt":"2021-01-20T08:35:01","guid":{"rendered":"http:\/\/www.jucken.com\/?page_id=5"},"modified":"2024-07-17T09:22:39","modified_gmt":"2024-07-17T07:22:39","slug":"willkommen","status":"publish","type":"page","link":"http:\/\/www.jucken.com\/","title":{"rendered":"Willkommen!"},"content":{"rendered":"\n<p>Herzlich willkommen auf der Internetseite der Ortsgemeinde Jucken. Ich darf Sie zu einem virtuellen Bummel durch unseren sch\u00f6nen Eifelort einladen. Gerne w\u00fcrde ich Sie auch gelegentlich pers\u00f6nlich bei uns willkommen hei\u00dfen!<\/p>\n\n\n\n<p>Norbert Schenten<br>Ortsb\u00fcrgermeister<\/p>\n\n\n\n<p><\/p>\n","protected":false},"excerpt":{"rendered":"<p>Herzlich willkommen auf der Internetseite der Ortsgemeinde Jucken. Ich darf Sie zu einem virtuellen Bummel durch unseren sch\u00f6nen Eifelort einladen. Gerne w\u00fcrde ich Sie auch gelegentlich pers\u00f6nlich bei uns willkommen hei\u00dfen! Norbert SchentenOrtsb\u00fcrgermeister<\/p>\n","protected":false},"author":1,"featured_media":0,"parent":0,"menu_order":0,"comment_status":"closed","ping_status":"closed","template":"","meta":{"footnotes":""},"class_list":["post-5","page","type-page","status-publish","hentry"],"_links":{"self":[{"href":"http:\/\/www.jucken.com\/index.php?rest_route=\/wp\/v2\/pages\/5","targetHints":{"allow":["GET"]}}],"collection":[{"href":"http:\/\/www.jucken.com\/index.php?rest_route=\/wp\/v2\/pages"}],"about":[{"href":"http:\/\/www.jucken.com\/index.php?rest_route=\/wp\/v2\/types\/page"}],"author":[{"embeddable":true,"href":"http:\/\/www.jucken.com\/index.php?rest_route=\/wp\/v2\/users\/1"}],"replies":[{"embeddable":true,"href":"http:\/\/www.jucken.com\/index.php?rest_route=%2Fwp%2Fv2%2Fcomments&post=5"}],"version-history":[{"count":4,"href":"http:\/\/www.jucken.com\/index.php?rest_route=\/wp\/v2\/pages\/5\/revisions"}],"predecessor-version":[{"id":76,"href":"http:\/\/www.jucken.com\/index.php?rest_route=\/wp\/v2\/pages\/5\/revisions\/76"}],"wp:attachment":[{"href":"http:\/\/www.jucken.com\/index.php?rest_route=%2Fwp%2Fv2%2Fmedia&parent=5"}],"curies":[{"name":"wp","href":"https:\/\/api.w.org\/{rel}","templated":true}]}}