{"id":18,"date":"2021-01-20T11:18:04","date_gmt":"2021-01-20T10:18:04","guid":{"rendered":"http:\/\/www.jucken.com\/?page_id=18"},"modified":"2021-01-20T11:18:06","modified_gmt":"2021-01-20T10:18:06","slug":"brauchtum","status":"publish","type":"page","link":"http:\/\/www.jucken.com\/?page_id=18","title":{"rendered":"Brauchtum"},"content":{"rendered":"\n<p><br><strong>Sternsinger<\/strong><\/p>\n\n\n\n<p>Die Sternsinger ziehen am Dreik\u00f6nigstag von Haus zu Haus und bringen den Segen Gottes, der an den Haust\u00fcren durch die Insignien der heiligen drei K\u00f6nige \u201eC+M+B\u201c sichtbar gemacht wird. Das gespendete Geld kommt den Kindern der 3. Welt zugute.<br>Fastnacht<\/p>\n\n\n\n<p>In Jucken am Altweiberdonnerstag morgens gemeinsames Fr\u00fchst\u00fcck der M\u00f6hnen in wechselnden Haushalten mit anschlie\u00dfendem Umzug durchs Dorf. Kinder gehen von Haus zu Haus \u201eheichen\u201c (singen).<br>Ein bunter Abend wird gestaltet vom Vereinsring Jucken-Olmscheid, der ca. 80-90 aktive Mitglieder z\u00e4hlt und die Teilnahme an verschiedenen Fastnachtsumz\u00fcgen organisiert.<\/p>\n\n\n\n<p><br><strong>Valentinstag \u2013 Valentin, Patron der Jucker Kapelle<\/strong><\/p>\n\n\n\n<p>Am 14. Februar wird noch das traditionelle Jucker Fest gefeiert. In fr\u00fcheren Zeiten kamen \u00fcberwiegend Landwirte aus den umliegenden Orten und begannen morgens mit dem Gottesdienst (gebetet wurde speziell f\u00fcr die Gesundheit der Schweine). Anschlie\u00dfend wird das Patronatsfest ausgiebig gefeiert.<\/p>\n\n\n\n<p><br><strong>Burgbrennen<\/strong><\/p>\n\n\n\n<p>Uralter Brauch in der Eifel, der auch in Jucken seit Generationen am ersten Wochenende nach Fastnacht von den Kindern und Eltern gemeinsam durchgef\u00fchrt wird um den Winter zu verbrennen. Die Jugendlichen im Dorf sammeln Geld um die Verpflegung am Burgsonntag zu gew\u00e4hrleisten. (fr\u00fcher wurden Eier, Mehl und Zucker gesammelt). Der Burgbaum wird zu einem Kreuz mit Stroh gebunden. Am Nachmittag gibt es \u201eNautzen\u201c und Kuchen zur St\u00e4rkung. Am Abend bei Anbruch der Dunkelheit wird die \u201eBurg\u201c abgebrannt.<\/p>\n\n\n\n<p><br><strong>Klabbern in der Karwoche, Eiersammeln<\/strong><\/p>\n\n\n\n<p>An den Kartagen, wenn die Glocken schweigen gehen die Jungen im Dorf Klabbern. Am Karsamstag gehen Sie Ostereier und Geld sammeln welches sie anschlie\u00dfend untereinander aufteilen.<\/p>\n\n\n\n<p><br><strong>Maibaum und Maifest<\/strong><\/p>\n\n\n\n<p>Am 1. Mai wird, verbunden mit einem Maifest, der Maibaum geschlagen, geschm\u00fcckt und aufgestellt. Im Anschluss daran werden &#8211; unter Begleitung des Musikvereins &#8211; unter dem Maibaum Lieder gesungen.<\/p>\n\n\n\n<p><br><strong>Kirmes \u201eSt. Josef\u201c<\/strong><\/p>\n\n\n\n<p>Kirmesmontag morgendliche Messe mit anschie\u00dfendem Friedhofsbesuch unter Begleitung des Musikvereins.<\/p>\n\n\n\n<p><strong><br>Martinszug mit Bettlerspiel (erstmalig 1959)<\/strong><\/p>\n\n\n\n<p>Unter Mitwirkung der Feuerwehr und des Musikvereins. Anschlie\u00dfende Verlosung von Der die Nikolausfeier finanziert wird.<\/p>\n\n\n\n<p><br><strong>Nikolausfeier<\/strong><\/p>\n\n\n\n<p>Kinder bis zum 6. Schuljahr werden vom Nikolaus mit einem Spruch bedacht und erhalten eine Nikolaust\u00fcte. Martinstag und Nikolausfeier finden in den S\u00e4len der \u00f6rtlichen Gastronomie statt.<\/p>\n\n\n\n<p><br><strong>Schie\u00dfen<\/strong><\/p>\n\n\n\n<p>Im Jahresverlauf, wenn ein Jucker M\u00e4dchen von einem ausw\u00e4rtigen Burschen gefrien wird, wird nach dem dritten Hausbesuch von den Jugendlichen des Dorfes \u201egeschossen\u201c. Der Freier erh\u00e4lt einen \u201eJagdschein\u201c f\u00fcr die Dauer eines Jahres, falls er sich erkenntlich zeigt. Ist dies nicht der Fall, steht ihm die ber\u00fcchtigte \u201eEselshochzeit\u201c ins Haus.<\/p>\n\n\n\n<p><br><strong>Aktion saubere Landschaft (alle zwei Jahre)<\/strong><\/p>\n\n\n\n<p>Der Vereinsring f\u00fchrt zweij\u00e4hrlich eine Aktion \u201eSaubere Landschaft\u201c durch.<\/p>\n\n\n\n<p><br><strong>Geburtstage<\/strong><\/p>\n\n\n\n<p>Geburtstage ab 80 (und jedes folgende f\u00fcnfte Jahr) werden vom Musikverein mit einem St\u00e4ndchen bedacht, ebenso vom Kirchenchor ab dem 90. Geburtstag. Die Gemeinde gratuliert gleicherma\u00dfen zu diesen runden Geburtstagen. Ebenso bei Hochzeitstagen ab der \u201eGoldenen Hochzeit\u201c.<\/p>\n\n\n\n<p><br><strong>Kirchliche Anl\u00e4sse<\/strong><\/p>\n\n\n\n<p>Die kirchlichen Anl\u00e4sse (Erstkommunion, Fronleichnam, Allerheiligen) werden von Musikverein und Kirchenchor musikalisch umrahmt.<\/p>\n\n\n\n<p><br><strong>Rosenkranzbeten<\/strong><\/p>\n\n\n\n<p>beim Tod eines Gemeindemitgliedes.<\/p>\n","protected":false},"excerpt":{"rendered":"<p>Sternsinger Die Sternsinger ziehen am Dreik\u00f6nigstag von Haus zu Haus und bringen den Segen Gottes, der an den Haust\u00fcren durch die Insignien der heiligen drei K\u00f6nige \u201eC+M+B\u201c sichtbar gemacht wird. Das gespendete Geld kommt den Kindern der 3. Welt zugute.Fastnacht<\/p>\n","protected":false},"author":1,"featured_media":0,"parent":0,"menu_order":0,"comment_status":"closed","ping_status":"closed","template":"","meta":{"footnotes":""},"class_list":["post-18","page","type-page","status-publish","hentry"],"_links":{"self":[{"href":"http:\/\/www.jucken.com\/index.php?rest_route=\/wp\/v2\/pages\/18","targetHints":{"allow":["GET"]}}],"collection":[{"href":"http:\/\/www.jucken.com\/index.php?rest_route=\/wp\/v2\/pages"}],"about":[{"href":"http:\/\/www.jucken.com\/index.php?rest_route=\/wp\/v2\/types\/page"}],"author":[{"embeddable":true,"href":"http:\/\/www.jucken.com\/index.php?rest_route=\/wp\/v2\/users\/1"}],"replies":[{"embeddable":true,"href":"http:\/\/www.jucken.com\/index.php?rest_route=%2Fwp%2Fv2%2Fcomments&post=18"}],"version-history":[{"count":1,"href":"http:\/\/www.jucken.com\/index.php?rest_route=\/wp\/v2\/pages\/18\/revisions"}],"predecessor-version":[{"id":19,"href":"http:\/\/www.jucken.com\/index.php?rest_route=\/wp\/v2\/pages\/18\/revisions\/19"}],"wp:attachment":[{"href":"http:\/\/www.jucken.com\/index.php?rest_route=%2Fwp%2Fv2%2Fmedia&parent=18"}],"curies":[{"name":"wp","href":"https:\/\/api.w.org\/{rel}","templated":true}]}}