{"id":12,"date":"2021-01-20T10:54:07","date_gmt":"2021-01-20T09:54:07","guid":{"rendered":"http:\/\/www.jucken.com\/?page_id=12"},"modified":"2021-01-20T10:54:10","modified_gmt":"2021-01-20T09:54:10","slug":"geschichte","status":"publish","type":"page","link":"http:\/\/www.jucken.com\/?page_id=12","title":{"rendered":"Geschichte"},"content":{"rendered":"\n<p>Aufzeichnungen der kirchlichen Zehntherren von Vianden zufolge existierte ein Dorf namens Jucken schon 1640 nahe Olmscheid, zu deren Pfarrei es geh\u00f6rte und auch heute noch geh\u00f6rt. Der Name entstand aus dem althochdeutschen Wort: &#8222;jukan&#8220;, was soviel wie &#8222;sprossen, wachsen&#8220; bedeutet.<\/p>\n\n\n\n<p>Der Landstrich wurde im 6. JH v. Chr. von Germanen und Kelten, sp\u00e4ter vom r\u00f6mischen Reich kulturell gepr\u00e4gt.<\/p>\n\n\n\n<p>Von 1239 bis 1789 geh\u00f6rte die Gegend zu Luxemburg, von 1790 bis 1814 zu Frankreich. 1815 wurde der ehemalige Luxemburger Besitz \u00f6stlich von Sauer und Our, das F\u00fcrstentum Pr\u00fcm und das deutsche Quartier den Preu\u00dfen \u00fcbergeben.<\/p>\n\n\n\n<p>Es wurde Rheinprovinz, aus der 1816 der Kreis Pr\u00fcm mit 29 Landb\u00fcrgermeistereinen entstand. Jucken geh\u00f6rte zur B\u00fcrgermeisterei Olmscheid und hatte 1818 schon gez\u00e4hlte 156 Einwohner.<\/p>\n\n\n\n<p>Es liegt auf 508 m H\u00f6he, entstand 1839 offiziell und hat f\u00fcnf Weiler: Die Ortsteile Juckerstra\u00dfe auf 490 m H\u00f6he und Kockelberg (Kockelsberg) auf 480 m wurden von den &#8222;Brasilianern&#8220; besiedelt, die in dieses Land auswandern wollten, es sich aber anders \u00fcberlegt hatten.<\/p>\n\n\n\n<p>Rotumseifen (Rothumsseif) und Berensreich (Berensrech) auf 440 m entstanden offiziell ebenfalls 1839, Enztalhof (Huscheid) auf 400 m entstand 1844.<\/p>\n\n\n\n<p>Das ganze Gebiet umfasst 617 ha, von denen 95 % Landwirtschafts- und Waldfl\u00e4che ist.<\/p>\n\n\n\n<p>Jucken ist ein typisches Stra\u00dfendorf, beiderseits an der L13 gelegen.<\/p>\n","protected":false},"excerpt":{"rendered":"<p>Aufzeichnungen der kirchlichen Zehntherren von Vianden zufolge existierte ein Dorf namens Jucken schon 1640 nahe Olmscheid, zu deren Pfarrei es geh\u00f6rte und auch heute noch geh\u00f6rt. Der Name entstand aus dem althochdeutschen Wort: &#8222;jukan&#8220;, was soviel wie &#8222;sprossen, wachsen&#8220; bedeutet.<\/p>\n","protected":false},"author":1,"featured_media":0,"parent":0,"menu_order":0,"comment_status":"closed","ping_status":"closed","template":"","meta":{"footnotes":""},"class_list":["post-12","page","type-page","status-publish","hentry"],"_links":{"self":[{"href":"http:\/\/www.jucken.com\/index.php?rest_route=\/wp\/v2\/pages\/12","targetHints":{"allow":["GET"]}}],"collection":[{"href":"http:\/\/www.jucken.com\/index.php?rest_route=\/wp\/v2\/pages"}],"about":[{"href":"http:\/\/www.jucken.com\/index.php?rest_route=\/wp\/v2\/types\/page"}],"author":[{"embeddable":true,"href":"http:\/\/www.jucken.com\/index.php?rest_route=\/wp\/v2\/users\/1"}],"replies":[{"embeddable":true,"href":"http:\/\/www.jucken.com\/index.php?rest_route=%2Fwp%2Fv2%2Fcomments&post=12"}],"version-history":[{"count":1,"href":"http:\/\/www.jucken.com\/index.php?rest_route=\/wp\/v2\/pages\/12\/revisions"}],"predecessor-version":[{"id":13,"href":"http:\/\/www.jucken.com\/index.php?rest_route=\/wp\/v2\/pages\/12\/revisions\/13"}],"wp:attachment":[{"href":"http:\/\/www.jucken.com\/index.php?rest_route=%2Fwp%2Fv2%2Fmedia&parent=12"}],"curies":[{"name":"wp","href":"https:\/\/api.w.org\/{rel}","templated":true}]}}